{"id":357,"date":"2013-01-01T20:34:21","date_gmt":"2013-01-01T20:34:21","guid":{"rendered":"http:\/\/swiffy-j.com\/gamine\/?page_id=357"},"modified":"2025-01-18T19:22:06","modified_gmt":"2025-01-18T19:22:06","slug":"magnifique-propriete-a-louer-dans-une-reserve-naturelle","status":"publish","type":"page","link":"https:\/\/swiffy-j.com\/gamine\/magnifique-propriete-a-louer-dans-une-reserve-naturelle\/","title":{"rendered":"Accueil"},"content":{"rendered":"<div style=\"width: 310px\" class=\"wp-caption aligncenter\"><a href=\"http:\/\/swiffy-j.com\/gamine\/about-the-swiss-house-for-sale-in-saint-paul-dabbotsford\/img_0696\/\" rel=\"attachment wp-att-14\"><img data-recalc-dims=\"1\" decoding=\"async\" loading=\"lazy\" src=\"https:\/\/i0.wp.com\/swiffy-j.com\/gamine\/wp-content\/uploads\/2012\/12\/IMG_0696-300x225.jpg?resize=300%2C225\" alt=\"IMG_0696\" width=\"300\" height=\"225\" \/><\/a><p class=\"wp-caption-text\">Magnifique vue sur la propri\u00e9t\u00e9<\/p><\/div>\n<div style=\"width: 310px\" class=\"wp-caption aligncenter\"><a href=\"http:\/\/swiffy-j.com\/gamine\/2012\/12\/26\/magnificent-estate-in-a-natural-reserve-for-sale\/img_0676\/\" rel=\"attachment wp-att-31\"><img data-recalc-dims=\"1\" decoding=\"async\" loading=\"lazy\" src=\"https:\/\/i0.wp.com\/swiffy-j.com\/gamine\/wp-content\/uploads\/2012\/12\/IMG_0676-300x225.jpg?resize=300%2C203\" alt=\"IMG_0676\" width=\"300\" height=\"203\" \/><\/a><p class=\"wp-caption-text\">La montagne est en feu \u00e0 l&#8217;automne.<\/p><\/div>\n<p><em>Madeleine Cadieux, une r\u00e9sidente de Saint-Paul d&#8217;Abbotsford au pied du\u00a0mont Yamaska a choisi de faire les arrangements n\u00e9cessaires avec le gouvernement pour qu&#8217;une portion de sa propri\u00e9t\u00e9 puisse \u00eatre d\u00e9clar\u00e9e\u00a0R\u00e9serve naturelle. Cette entente est une entente l\u00e9gale entre elle et\u00a0le minist\u00e8re du D\u00e9veloppement durable, de l&#8217;Environnement et des Parcs.\u00a0 Une superficie de\u00a03.8 hectares\u00a0sera prot\u00e9g\u00e9e pour que les esp\u00e8ces rares de plantes et d&#8217;animaux puissent y survivre. A cause de cette initiative, des esp\u00e8ces rares d&#8217;\u00e9rables et d&#8217;oiseaux de proie vont pouvoir survivre et se multiplier dans le futur.<\/em><\/p>\n<p><em>Les avantages de prot\u00e9ger un environnement sont h\u00e9las trop souvent sous-estim\u00e9s. La pr\u00e9sence d&#8217;un environnement unique d&#8217;une r\u00e9serve naturelle\u00a0 non seulement am\u00e9liore la qualit\u00e9 de vie des gens qui y habitent mais aussi\u00a0la qualit\u00e9 de vie\u00a0de toute la communaut\u00e9 environnante.\u00a0 Il est bon aussi de noter que l&#8217;attribution du terme &#8220;R\u00e9serve naturelle&#8221; permet au propri\u00e9taire\u00a0de la propri\u00e9t\u00e9\u00a0d&#8217;\u00eatre exempt de payer les taxes municipales.<\/em><\/p>\n","protected":false},"excerpt":{"rendered":"<p>Madeleine Cadieux, une r\u00e9sidente de Saint-Paul d&#8217;Abbotsford au pied du\u00a0mont Yamaska a choisi de faire les arrangements n\u00e9cessaires avec le gouvernement pour qu&#8217;une portion de sa propri\u00e9t\u00e9 puisse \u00eatre d\u00e9clar\u00e9e\u00a0R\u00e9serve naturelle. Cette entente est une entente l\u00e9gale entre elle et\u00a0le &hellip; <a href=\"https:\/\/swiffy-j.com\/gamine\/magnifique-propriete-a-louer-dans-une-reserve-naturelle\/\">Continue reading <span class=\"meta-nav\">&rarr;<\/span><\/a><\/p>\n","protected":false},"author":1,"featured_media":0,"parent":0,"menu_order":6,"comment_status":"closed","ping_status":"closed","template":"","meta":{"nf_dc_page":"","footnotes":""},"class_list":["post-357","page","type-page","status-publish","hentry"],"jetpack_shortlink":"https:\/\/wp.me\/P30o6n-5L","jetpack_sharing_enabled":true,"_links":{"self":[{"href":"https:\/\/swiffy-j.com\/gamine\/wp-json\/wp\/v2\/pages\/357","targetHints":{"allow":["GET"]}}],"collection":[{"href":"https:\/\/swiffy-j.com\/gamine\/wp-json\/wp\/v2\/pages"}],"about":[{"href":"https:\/\/swiffy-j.com\/gamine\/wp-json\/wp\/v2\/types\/page"}],"author":[{"embeddable":true,"href":"https:\/\/swiffy-j.com\/gamine\/wp-json\/wp\/v2\/users\/1"}],"replies":[{"embeddable":true,"href":"https:\/\/swiffy-j.com\/gamine\/wp-json\/wp\/v2\/comments?post=357"}],"version-history":[{"count":23,"href":"https:\/\/swiffy-j.com\/gamine\/wp-json\/wp\/v2\/pages\/357\/revisions"}],"predecessor-version":[{"id":1350,"href":"https:\/\/swiffy-j.com\/gamine\/wp-json\/wp\/v2\/pages\/357\/revisions\/1350"}],"wp:attachment":[{"href":"https:\/\/swiffy-j.com\/gamine\/wp-json\/wp\/v2\/media?parent=357"}],"curies":[{"name":"wp","href":"https:\/\/api.w.org\/{rel}","templated":true}]}}