{"id":360,"date":"2013-01-01T20:35:18","date_gmt":"2013-01-01T20:35:18","guid":{"rendered":"http:\/\/swiffy-j.com\/gamine\/?page_id=360"},"modified":"2025-01-18T19:31:31","modified_gmt":"2025-01-18T19:31:31","slug":"propriete","status":"publish","type":"page","link":"https:\/\/swiffy-j.com\/gamine\/propriete\/","title":{"rendered":"Propri\u00e9t\u00e9"},"content":{"rendered":"<p><em>Le chalet du\u00a0<a title=\"Mont Yamaska\" href=\"http:\/\/fr.wikipedia.org\/wiki\/Mont_Yamaska\">Mont Yamaska<\/a>\u00a0est une\u00a0maison de style chalet suisse faite de bois et de pierre et situ\u00e9e\u00a0\u00a0sur une parcelle de terrain\u00a0incluant une r\u00e9serve\u00a0naturelle.<\/em><\/p>\n<p><em>Les caract\u00e9ristiques distinctives de ce genre de maison sont les grands balcons, les grandes fen\u00eatres et le fini de bois naturel. Le style imite les chalets de montagne en Suisse. Ces chalets sont normalement construits dans les montagnes et servent de chalets de ski.<\/em><\/p>\n<p><em>Le chalet\u00a0plong\u00e9 de lumi\u00e8re naturelle avec ses balcons et fen\u00eatres tout le tour de la maison offre une vue spectaculaire sur la propri\u00e9t\u00e9.\u00a0Avec le chalet qui se situe \u00e0 300 pieds du chemin, la propri\u00e9t\u00e9 est tr\u00e8s priv\u00e9e autour de la maison et autour de la piscine surrtout du mois de mai au mois d&#8217;octobre, quand les voisins distants ne peuvent ni \u00eatre\u00a0vus\u00a0ni entendus.<\/em><\/p>\n<p><em>La propri\u00e9t\u00e9 est situ\u00e9e\u00a0pr\u00e8s de la\u00a0petite municipalit\u00e9 de Saint-Paul-d&#8217;Abbotsford au coeur de la Mont\u00e9r\u00e9gie\u00a0du Qu\u00e9bec. Le climat de vill\u00e9giature et les sols fertiles de la r\u00e9gion de Saint-Paul ont attir\u00e9 les cultivateurs, pommiculteurs, vignobles et artisans similaires.<\/em><\/p>\n<p><em>La r\u00e9gion est r\u00e9put\u00e9e pour sa production de pommes de qualit\u00e9, son sirop d&#8217;\u00e9rable et son vin.<\/em><\/p>\n<p><em>Id\u00e9alement situ\u00e9e, cette belle propri\u00e9t\u00e9 est \u00e0:<\/em><\/p>\n<ul>\n<li><em>\u00a0 10 kilom\u00e8tres de <a href=\"http:\/\/fr.wikipedia.org\/wiki\/Granby_(Qu%C3%A9bec)\">Granby<\/a> et des gros magasins<\/em><\/li>\n<li><em>\u00a0\u00a040 minutes du pont Champlain de Montr\u00e9al<\/em><\/li>\n<li><em>\u00a0 13 minutes de la sortie 55 de \u00a0l&#8217;autoroute 10<\/em><\/li>\n<li><em>\u00a0 mi-chemin entreMontr\u00e9al\u00a0et Sherbrooke<\/em><\/li>\n<li><em>\u00a0 30 minutes\u00a0des pistes de ski\u00a0<a title=\"Bromont ski\" href=\"http:\/\/www.skibromont.com\/en\/visit-bromont.htm\">Bromont<\/a><\/em><\/li>\n<li><em>\u00a0 50 minutes\u00a0des pistes de ski de\u00a0<a title=\"Sutton ski\" href=\"http:\/\/www.montsutton.com\/en\/home\">Sutton<\/a><\/em><\/li>\n<li><em>\u00a0 50 minutes\u00a0des endroits de vill\u00e9giature comme <a title=\"Knowlton\" href=\"http:\/\/www.knowltonquebec.ca\/\">Knowlton<\/a>\u00a0et Sutton<\/em><\/li>\n<li><em>\u00a0\u00a07 minutes\u00a0du village de <a title=\"Saint-Paul d'Abbotsford\" href=\"http:\/\/www.saintpauldabbotsford.qc.ca\/\">Saint-Paul-d\u2019Abbotsford<\/a><\/em><\/li>\n<li><em>\u00a0\u00a0une heure de la fronti\u00e8re am\u00e9ricaine\u00a0(Vermont\u00a0et New York)<\/em><\/li>\n<\/ul>\n<p><em>Une grosse partie de la propri\u00e9t\u00e9 a \u00e9t\u00e9 d\u00e9clar\u00e9e une r\u00e9serve naturelle. Mon p\u00e8re adorait la nature et quand on l&#8217;informa que certaines esp\u00e8ces de la flaure et la faune qui existaient sur sa propri\u00e9t\u00e9\u00a0 \u00e9taient en voie de disparition, il fit les d\u00e9marches pour que sa parcelle de montagne soit prot\u00e9g\u00e9e \u00e0 perp\u00e9tuit\u00e9. Non seulement sommes-nous les propri\u00e9taires du chalet, nous sommes les\u00a0gardiens \u00a0et protecteurs de\u00a0celle-ci.<\/em><\/p>\n<p><em>Cette propri\u00e9t\u00e9 est id\u00e9ale pour quelqu&#8217;un qui aime la nature, veut une maison de campagne pour les fins de semaine. Venez d\u00e9couvrir ce petit coin de paradis au pied du Mont Yamaska.<\/em><\/p>\n<p><em>Pour plus d&#8217;information, <a href=\"https:\/\/www.cottagesincanada.com\/fr\/19252\">Chalet du Mont Yamaska &#8211; Chalet \u00e0 louer St-Paul-d&#8217;Abbotsford | GL-19252 | CottagesInCanada<\/a><\/em><\/p>\n","protected":false},"excerpt":{"rendered":"<p>Le chalet du\u00a0Mont Yamaska\u00a0est une\u00a0maison de style chalet suisse faite de bois et de pierre et situ\u00e9e\u00a0\u00a0sur une parcelle de terrain\u00a0incluant une r\u00e9serve\u00a0naturelle. Les caract\u00e9ristiques distinctives de ce genre de maison sont les grands balcons, les grandes fen\u00eatres et le &hellip; <a href=\"https:\/\/swiffy-j.com\/gamine\/propriete\/\">Continue reading <span class=\"meta-nav\">&rarr;<\/span><\/a><\/p>\n","protected":false},"author":1,"featured_media":0,"parent":0,"menu_order":7,"comment_status":"closed","ping_status":"closed","template":"onecolumn-page.php","meta":{"nf_dc_page":"","footnotes":""},"class_list":["post-360","page","type-page","status-publish","hentry"],"jetpack_shortlink":"https:\/\/wp.me\/P30o6n-5O","jetpack_sharing_enabled":true,"_links":{"self":[{"href":"https:\/\/swiffy-j.com\/gamine\/wp-json\/wp\/v2\/pages\/360","targetHints":{"allow":["GET"]}}],"collection":[{"href":"https:\/\/swiffy-j.com\/gamine\/wp-json\/wp\/v2\/pages"}],"about":[{"href":"https:\/\/swiffy-j.com\/gamine\/wp-json\/wp\/v2\/types\/page"}],"author":[{"embeddable":true,"href":"https:\/\/swiffy-j.com\/gamine\/wp-json\/wp\/v2\/users\/1"}],"replies":[{"embeddable":true,"href":"https:\/\/swiffy-j.com\/gamine\/wp-json\/wp\/v2\/comments?post=360"}],"version-history":[{"count":27,"href":"https:\/\/swiffy-j.com\/gamine\/wp-json\/wp\/v2\/pages\/360\/revisions"}],"predecessor-version":[{"id":1354,"href":"https:\/\/swiffy-j.com\/gamine\/wp-json\/wp\/v2\/pages\/360\/revisions\/1354"}],"wp:attachment":[{"href":"https:\/\/swiffy-j.com\/gamine\/wp-json\/wp\/v2\/media?parent=360"}],"curies":[{"name":"wp","href":"https:\/\/api.w.org\/{rel}","templated":true}]}}