{"id":366,"date":"2013-01-01T20:37:04","date_gmt":"2013-01-01T20:37:04","guid":{"rendered":"http:\/\/swiffy-j.com\/gamine\/?page_id=366"},"modified":"2014-11-16T20:18:45","modified_gmt":"2014-11-16T20:18:45","slug":"mont-yamaska","status":"publish","type":"page","link":"https:\/\/swiffy-j.com\/gamine\/mont-yamaska\/","title":{"rendered":"Mont Yamaska"},"content":{"rendered":"<p><em><b>Mont Yamaska<\/b>\u00a0fait partie des <a href=\"http:\/\/fr.wikipedia.org\/wiki\/Collines_mont%C3%A9r%C3%A9giennes\">collines mont\u00e9r\u00e9giennes <\/a>dans le sud du Qu\u00e9bec. Son sommet se trouve \u00e0 411 m\u00e8tres au dessus du niveau de la mer. <\/em><\/p>\n<p><em>Elle est une des mont\u00e9r\u00e9giennes les mieux conserv\u00e9es d\u00fb \u00e0 son faible achalandage touristique. Elle poss\u00e8de donc une \u00e9tonnante vari\u00e9t\u00e9 faunique et florale. <\/em><\/p>\n<p><em>Un regroupement de citoyens, la\u00a0fondation pour la <a href=\"http:\/\/montyamaska.nature-action.qc.ca\/fondation_conservation_mont_yamaska.html\">conservation du Mont Yamaska\u00a0<\/a>a d&#8217;ailleurs \u00e9t\u00e9 fond\u00e9e pour assurer la pr\u00e9servation de cet environnement naturel qu&#8217;est le mont Yamaska.<\/em><\/p>\n<div id=\"attachment_601\" style=\"width: 285px\" class=\"wp-caption aligncenter\"><a href=\"http:\/\/swiffy-j.com\/gamine\/mont-yamaska\/montyamaska2-2\/\" rel=\"attachment wp-att-601\"><img data-recalc-dims=\"1\" decoding=\"async\" aria-describedby=\"caption-attachment-601\" loading=\"lazy\" class=\"wp-image-601 size-full\" src=\"https:\/\/i0.wp.com\/swiffy-j.com\/gamine\/wp-content\/uploads\/2013\/01\/montyamaska2.jpg?resize=275%2C183\" alt=\"montyamaska2\" width=\"275\" height=\"183\" \/><\/a><p id=\"caption-attachment-601\" class=\"wp-caption-text\">Mont Yamaska \u00e0 vol d&#8217;oiseau<\/p><\/div>\n<p><!--more--><\/p>\n<div id=\"attachment_92\" style=\"width: 286px\" class=\"wp-caption aligncenter\"><a href=\"http:\/\/swiffy-j.com\/gamine\/mt-yamaska-2\/montyamaka5\/\" rel=\"attachment wp-att-92\"><img data-recalc-dims=\"1\" decoding=\"async\" aria-describedby=\"caption-attachment-92\" loading=\"lazy\" class=\"wp-image-92 size-full\" src=\"https:\/\/i0.wp.com\/swiffy-j.com\/gamine\/wp-content\/uploads\/2012\/12\/montyamaka5.jpg?resize=276%2C183\" alt=\"\" width=\"276\" height=\"183\" \/><\/a><p id=\"caption-attachment-92\" class=\"wp-caption-text\">En approchant l&#8217;\u00e9glise de Saint-Paul, on voit le mont Yamaska derri\u00e8re<\/p><\/div>\n<div>\n<dl id=\"attachment_92\">\n<dt><\/dt>\n<dd>\u00a0<\/dd>\n<\/dl>\n<\/div>\n<p>&nbsp;<\/p>\n<p>&nbsp;<\/p>\n","protected":false},"excerpt":{"rendered":"<p>Mont Yamaska\u00a0fait partie des collines mont\u00e9r\u00e9giennes dans le sud du Qu\u00e9bec. Son sommet se trouve \u00e0 411 m\u00e8tres au dessus du niveau de la mer. Elle est une des mont\u00e9r\u00e9giennes les mieux conserv\u00e9es d\u00fb \u00e0 son faible achalandage touristique. Elle &hellip; <a href=\"https:\/\/swiffy-j.com\/gamine\/mont-yamaska\/\">Continue reading <span class=\"meta-nav\">&rarr;<\/span><\/a><\/p>\n","protected":false},"author":1,"featured_media":0,"parent":0,"menu_order":10,"comment_status":"closed","ping_status":"closed","template":"onecolumn-page.php","meta":{"nf_dc_page":"","footnotes":""},"class_list":["post-366","page","type-page","status-publish","hentry"],"jetpack_shortlink":"https:\/\/wp.me\/P30o6n-5U","jetpack_sharing_enabled":true,"_links":{"self":[{"href":"https:\/\/swiffy-j.com\/gamine\/wp-json\/wp\/v2\/pages\/366","targetHints":{"allow":["GET"]}}],"collection":[{"href":"https:\/\/swiffy-j.com\/gamine\/wp-json\/wp\/v2\/pages"}],"about":[{"href":"https:\/\/swiffy-j.com\/gamine\/wp-json\/wp\/v2\/types\/page"}],"author":[{"embeddable":true,"href":"https:\/\/swiffy-j.com\/gamine\/wp-json\/wp\/v2\/users\/1"}],"replies":[{"embeddable":true,"href":"https:\/\/swiffy-j.com\/gamine\/wp-json\/wp\/v2\/comments?post=366"}],"version-history":[{"count":7,"href":"https:\/\/swiffy-j.com\/gamine\/wp-json\/wp\/v2\/pages\/366\/revisions"}],"predecessor-version":[{"id":1206,"href":"https:\/\/swiffy-j.com\/gamine\/wp-json\/wp\/v2\/pages\/366\/revisions\/1206"}],"wp:attachment":[{"href":"https:\/\/swiffy-j.com\/gamine\/wp-json\/wp\/v2\/media?parent=366"}],"curies":[{"name":"wp","href":"https:\/\/api.w.org\/{rel}","templated":true}]}}