{"id":369,"date":"2013-01-01T20:37:48","date_gmt":"2013-01-01T20:37:48","guid":{"rendered":"http:\/\/swiffy-j.com\/gamine\/?page_id=369"},"modified":"2025-01-18T20:05:02","modified_gmt":"2025-01-18T20:05:02","slug":"saint-paul","status":"publish","type":"page","link":"https:\/\/swiffy-j.com\/gamine\/saint-paul\/","title":{"rendered":"Saint-Paul d&#8217;Abbotsford"},"content":{"rendered":"<p><em>La municipalit\u00e9 de Saint-Paul-d\u2019Abbotsford se caract\u00e9rise par sa montagne, son caract\u00e8re rural, la piste cyclable La Route des Champs et ses \u00e9glises ayant conserv\u00e9 leur patrimoine.<\/em><\/p>\n<p><em>\u00c0 Saint-Paul-d\u2019Abbotsford, il n\u2019y a pas que des pommes. Vous pouvez \u00e9galement d\u00e9guster de bons vins et cidres, du sirop d&#8217;\u00e9rable qui donnent un attrait touristique compl\u00e9mentaire \u00e0 cette region.\u00a0<\/em><\/p>\n<p><a href=\"http:\/\/swiffy-j.com\/gamine\/st-paul\/stpaulvillage-2\/\" rel=\"attachment wp-att-157\"><img data-recalc-dims=\"1\" decoding=\"async\" loading=\"lazy\" class=\"aligncenter wp-image-157 size-full\" src=\"https:\/\/i0.wp.com\/swiffy-j.com\/gamine\/wp-content\/uploads\/2012\/12\/Stpaulvillage1.jpg?resize=584%2C327\" alt=\"Stpaulvillage\" width=\"584\" height=\"327\" srcset=\"https:\/\/i0.wp.com\/swiffy-j.com\/gamine\/wp-content\/uploads\/2012\/12\/Stpaulvillage1.jpg?w=800&amp;ssl=1 800w, https:\/\/i0.wp.com\/swiffy-j.com\/gamine\/wp-content\/uploads\/2012\/12\/Stpaulvillage1.jpg?resize=300%2C168&amp;ssl=1 300w\" sizes=\"auto, (max-width: 584px) 100vw, 584px\" \/><\/a><\/p>\n","protected":false},"excerpt":{"rendered":"<p>La municipalit\u00e9 de Saint-Paul-d\u2019Abbotsford se caract\u00e9rise par sa montagne, son caract\u00e8re rural, la piste cyclable La Route des Champs et ses \u00e9glises ayant conserv\u00e9 leur patrimoine. \u00c0 Saint-Paul-d\u2019Abbotsford, il n\u2019y a pas que des pommes. Vous pouvez \u00e9galement d\u00e9guster de &hellip; <a href=\"https:\/\/swiffy-j.com\/gamine\/saint-paul\/\">Continue reading <span class=\"meta-nav\">&rarr;<\/span><\/a><\/p>\n","protected":false},"author":1,"featured_media":0,"parent":0,"menu_order":11,"comment_status":"closed","ping_status":"closed","template":"onecolumn-page.php","meta":{"nf_dc_page":"","footnotes":""},"class_list":["post-369","page","type-page","status-publish","hentry"],"jetpack_shortlink":"https:\/\/wp.me\/P30o6n-5X","jetpack_sharing_enabled":true,"_links":{"self":[{"href":"https:\/\/swiffy-j.com\/gamine\/wp-json\/wp\/v2\/pages\/369","targetHints":{"allow":["GET"]}}],"collection":[{"href":"https:\/\/swiffy-j.com\/gamine\/wp-json\/wp\/v2\/pages"}],"about":[{"href":"https:\/\/swiffy-j.com\/gamine\/wp-json\/wp\/v2\/types\/page"}],"author":[{"embeddable":true,"href":"https:\/\/swiffy-j.com\/gamine\/wp-json\/wp\/v2\/users\/1"}],"replies":[{"embeddable":true,"href":"https:\/\/swiffy-j.com\/gamine\/wp-json\/wp\/v2\/comments?post=369"}],"version-history":[{"count":14,"href":"https:\/\/swiffy-j.com\/gamine\/wp-json\/wp\/v2\/pages\/369\/revisions"}],"predecessor-version":[{"id":1376,"href":"https:\/\/swiffy-j.com\/gamine\/wp-json\/wp\/v2\/pages\/369\/revisions\/1376"}],"wp:attachment":[{"href":"https:\/\/swiffy-j.com\/gamine\/wp-json\/wp\/v2\/media?parent=369"}],"curies":[{"name":"wp","href":"https:\/\/api.w.org\/{rel}","templated":true}]}}