{"id":589,"date":"2013-01-16T22:28:10","date_gmt":"2013-01-16T22:28:10","guid":{"rendered":"http:\/\/swiffy-j.com\/gamine\/?page_id=589"},"modified":"2025-01-18T19:48:50","modified_gmt":"2025-01-18T19:48:50","slug":"salle-de-lavage","status":"publish","type":"page","link":"https:\/\/swiffy-j.com\/gamine\/maison\/sous-sol\/salle-de-lavage\/","title":{"rendered":"Salle de lavage"},"content":{"rendered":"<div id=\"attachment_1108\" style=\"width: 310px\" class=\"wp-caption alignleft\"><a href=\"http:\/\/swiffy-j.com\/gamine\/house\/basement\/laundry-room\/attachment\/143\/\" rel=\"attachment wp-att-418\"><img data-recalc-dims=\"1\" decoding=\"async\" aria-describedby=\"caption-attachment-1108\" loading=\"lazy\" class=\"wp-image-1108 size-medium\" src=\"https:\/\/i0.wp.com\/swiffy-j.com\/gamine\/wp-content\/uploads\/2013\/01\/143-300x225.jpg?resize=300%2C225\" alt=\"\" width=\"300\" height=\"225\" srcset=\"https:\/\/i0.wp.com\/swiffy-j.com\/gamine\/wp-content\/uploads\/2013\/01\/143.jpg?resize=300%2C225&amp;ssl=1 300w, https:\/\/i0.wp.com\/swiffy-j.com\/gamine\/wp-content\/uploads\/2013\/01\/143.jpg?resize=1024%2C768&amp;ssl=1 1024w, https:\/\/i0.wp.com\/swiffy-j.com\/gamine\/wp-content\/uploads\/2013\/01\/143.jpg?w=1168&amp;ssl=1 1168w, https:\/\/i0.wp.com\/swiffy-j.com\/gamine\/wp-content\/uploads\/2013\/01\/143.jpg?w=1752&amp;ssl=1 1752w\" sizes=\"auto, (max-width: 300px) 100vw, 300px\" \/><\/a><p id=\"caption-attachment-1108\" class=\"wp-caption-text\">Grande salle de lavage et chambre de bain au sous sol<\/p><\/div>\n<div id=\"attachment_1109\" style=\"width: 310px\" class=\"wp-caption alignleft\"><a href=\"http:\/\/swiffy-j.com\/gamine\/house\/basement\/laundry-room\/attachment\/140\/\" rel=\"attachment wp-att-417\"><img data-recalc-dims=\"1\" decoding=\"async\" aria-describedby=\"caption-attachment-1109\" loading=\"lazy\" class=\"wp-image-1109 size-medium\" src=\"https:\/\/i0.wp.com\/swiffy-j.com\/gamine\/wp-content\/uploads\/2013\/01\/140-300x225.jpg?resize=300%2C225\" alt=\"\" width=\"300\" height=\"225\" srcset=\"https:\/\/i0.wp.com\/swiffy-j.com\/gamine\/wp-content\/uploads\/2013\/01\/140.jpg?resize=300%2C225&amp;ssl=1 300w, https:\/\/i0.wp.com\/swiffy-j.com\/gamine\/wp-content\/uploads\/2013\/01\/140.jpg?resize=1024%2C768&amp;ssl=1 1024w, https:\/\/i0.wp.com\/swiffy-j.com\/gamine\/wp-content\/uploads\/2013\/01\/140.jpg?w=1168&amp;ssl=1 1168w, https:\/\/i0.wp.com\/swiffy-j.com\/gamine\/wp-content\/uploads\/2013\/01\/140.jpg?w=1752&amp;ssl=1 1752w\" sizes=\"auto, (max-width: 300px) 100vw, 300px\" \/><\/a><p id=\"caption-attachment-1109\" class=\"wp-caption-text\">Avec laveuse et s\u00e9cheuse<\/p><\/div>\n<div id=\"attachment_419\" style=\"width: 310px\" class=\"wp-caption alignleft\"><a href=\"http:\/\/swiffy-j.com\/gamine\/house\/014-2\/\" rel=\"attachment wp-att-419\"><img data-recalc-dims=\"1\" decoding=\"async\" aria-describedby=\"caption-attachment-419\" loading=\"lazy\" class=\"wp-image-419 size-medium\" src=\"https:\/\/i0.wp.com\/swiffy-j.com\/gamine\/wp-content\/uploads\/2012\/12\/0141-300x225.jpg?resize=300%2C225\" alt=\"014\" width=\"300\" height=\"225\" srcset=\"https:\/\/i0.wp.com\/swiffy-j.com\/gamine\/wp-content\/uploads\/2012\/12\/0141.jpg?resize=300%2C225&amp;ssl=1 300w, https:\/\/i0.wp.com\/swiffy-j.com\/gamine\/wp-content\/uploads\/2012\/12\/0141.jpg?resize=1024%2C768&amp;ssl=1 1024w, https:\/\/i0.wp.com\/swiffy-j.com\/gamine\/wp-content\/uploads\/2012\/12\/0141.jpg?w=1168&amp;ssl=1 1168w, https:\/\/i0.wp.com\/swiffy-j.com\/gamine\/wp-content\/uploads\/2012\/12\/0141.jpg?w=1752&amp;ssl=1 1752w\" sizes=\"auto, (max-width: 300px) 100vw, 300px\" \/><\/a><p id=\"caption-attachment-419\" class=\"wp-caption-text\">Douche encastr\u00e9e dans la salle de lavage. Cette douche est tr\u00e8s pratique \u00e0 avoir dans le sous-sol surtout apr\u00e8s avoir jardin\u00e9 ou avoir \u00e9t\u00e9 \u00e0 l&#8217;ext\u00e9rieur pendant quelques heures.<\/p><\/div>\n","protected":false},"excerpt":{"rendered":"","protected":false},"author":1,"featured_media":0,"parent":583,"menu_order":0,"comment_status":"closed","ping_status":"closed","template":"onecolumn-page.php","meta":{"nf_dc_page":"","footnotes":""},"class_list":["post-589","page","type-page","status-publish","hentry"],"jetpack_shortlink":"https:\/\/wp.me\/P30o6n-9v","jetpack_sharing_enabled":true,"_links":{"self":[{"href":"https:\/\/swiffy-j.com\/gamine\/wp-json\/wp\/v2\/pages\/589","targetHints":{"allow":["GET"]}}],"collection":[{"href":"https:\/\/swiffy-j.com\/gamine\/wp-json\/wp\/v2\/pages"}],"about":[{"href":"https:\/\/swiffy-j.com\/gamine\/wp-json\/wp\/v2\/types\/page"}],"author":[{"embeddable":true,"href":"https:\/\/swiffy-j.com\/gamine\/wp-json\/wp\/v2\/users\/1"}],"replies":[{"embeddable":true,"href":"https:\/\/swiffy-j.com\/gamine\/wp-json\/wp\/v2\/comments?post=589"}],"version-history":[{"count":9,"href":"https:\/\/swiffy-j.com\/gamine\/wp-json\/wp\/v2\/pages\/589\/revisions"}],"predecessor-version":[{"id":1363,"href":"https:\/\/swiffy-j.com\/gamine\/wp-json\/wp\/v2\/pages\/589\/revisions\/1363"}],"up":[{"embeddable":true,"href":"https:\/\/swiffy-j.com\/gamine\/wp-json\/wp\/v2\/pages\/583"}],"wp:attachment":[{"href":"https:\/\/swiffy-j.com\/gamine\/wp-json\/wp\/v2\/media?parent=589"}],"curies":[{"name":"wp","href":"https:\/\/api.w.org\/{rel}","templated":true}]}}