{"id":621,"date":"2013-01-17T00:09:28","date_gmt":"2013-01-17T00:09:28","guid":{"rendered":"http:\/\/swiffy-j.com\/gamine\/?page_id=621"},"modified":"2014-11-16T20:17:24","modified_gmt":"2014-11-16T20:17:24","slug":"premier-etage-de-la-maison","status":"publish","type":"page","link":"https:\/\/swiffy-j.com\/gamine\/maison\/premier-etage-de-la-maison\/","title":{"rendered":"Premier \u00e9tage"},"content":{"rendered":"<p>La maison de campagne a \u00e9t\u00e9 construite par un contracteur priv\u00e9. Ses murs sont \u00e9pais et sa fondation tr\u00e8s solide. La maison est chaude et comfortable en hiver et fra\u00eeche en \u00e9t\u00e9. Ell est faite compl\u00e8tement de bois \u00e0 l&#8217;int\u00e9rieur et \u00e0 l&#8217;ext\u00e9rieur afin de correspondre au style suisse. Les plafonds sont rev\u00eatus de poutres travaill\u00e9es.<\/p>\n<div style=\"width: 310px\" class=\"wp-caption alignnone\"><a style=\"font-weight: bold;\" href=\"http:\/\/swiffy-j.com\/gamine\/house\/attachment\/008\/\" rel=\"attachment wp-att-413\"><img data-recalc-dims=\"1\" decoding=\"async\" loading=\"lazy\" alt=\"\" src=\"https:\/\/i0.wp.com\/swiffy-j.com\/gamine\/wp-content\/uploads\/2012\/12\/008-300x225.jpg?resize=300%2C225\" width=\"300\" height=\"225\" \/><\/a><p class=\"wp-caption-text\">Poutres travaill\u00e9es au plafond du sous-sol<\/p><\/div>\n<div style=\"width: 310px\" class=\"wp-caption alignnone\"><a style=\"font-weight: bold;\" href=\"http:\/\/swiffy-j.com\/gamine\/house\/attachment\/061\/\" rel=\"attachment wp-att-466\"><img data-recalc-dims=\"1\" decoding=\"async\" loading=\"lazy\" alt=\"061\" src=\"https:\/\/i0.wp.com\/swiffy-j.com\/gamine\/wp-content\/uploads\/2012\/12\/061-300x225.jpg?resize=300%2C225\" width=\"300\" height=\"225\" \/><\/a><p class=\"wp-caption-text\">L&#8217;escalier central est fait de bois d&#8217;\u00e9rable con\u00e7u par un artisan local.<\/p><\/div>\n<div style=\"width: 310px\" class=\"wp-caption alignnone\"><a style=\"font-weight: bold;\" href=\"http:\/\/swiffy-j.com\/gamine\/house\/attachment\/063\/\" rel=\"attachment wp-att-468\"><img data-recalc-dims=\"1\" decoding=\"async\" loading=\"lazy\" alt=\"063\" src=\"https:\/\/i0.wp.com\/swiffy-j.com\/gamine\/wp-content\/uploads\/2012\/12\/063-300x225.jpg?resize=300%2C225\" width=\"300\" height=\"225\" \/><\/a><p class=\"wp-caption-text\">Le foyer a aussi \u00e9t\u00e9 con\u00e7u par un artisan local<\/p><\/div>\n<p>&nbsp;<\/p>\n<dl id=\"attachment_468\">\n<dd><\/dd>\n<\/dl>\n","protected":false},"excerpt":{"rendered":"<p>La maison de campagne a \u00e9t\u00e9 construite par un contracteur priv\u00e9. Ses murs sont \u00e9pais et sa fondation tr\u00e8s solide. La maison est chaude et comfortable en hiver et fra\u00eeche en \u00e9t\u00e9. Ell est faite compl\u00e8tement de bois \u00e0 l&#8217;int\u00e9rieur &hellip; <a href=\"https:\/\/swiffy-j.com\/gamine\/maison\/premier-etage-de-la-maison\/\">Continue reading <span class=\"meta-nav\">&rarr;<\/span><\/a><\/p>\n","protected":false},"author":1,"featured_media":0,"parent":363,"menu_order":1,"comment_status":"closed","ping_status":"closed","template":"","meta":{"nf_dc_page":"","footnotes":""},"class_list":["post-621","page","type-page","status-publish","hentry"],"jetpack_shortlink":"https:\/\/wp.me\/P30o6n-a1","jetpack_sharing_enabled":true,"_links":{"self":[{"href":"https:\/\/swiffy-j.com\/gamine\/wp-json\/wp\/v2\/pages\/621","targetHints":{"allow":["GET"]}}],"collection":[{"href":"https:\/\/swiffy-j.com\/gamine\/wp-json\/wp\/v2\/pages"}],"about":[{"href":"https:\/\/swiffy-j.com\/gamine\/wp-json\/wp\/v2\/types\/page"}],"author":[{"embeddable":true,"href":"https:\/\/swiffy-j.com\/gamine\/wp-json\/wp\/v2\/users\/1"}],"replies":[{"embeddable":true,"href":"https:\/\/swiffy-j.com\/gamine\/wp-json\/wp\/v2\/comments?post=621"}],"version-history":[{"count":9,"href":"https:\/\/swiffy-j.com\/gamine\/wp-json\/wp\/v2\/pages\/621\/revisions"}],"predecessor-version":[{"id":1219,"href":"https:\/\/swiffy-j.com\/gamine\/wp-json\/wp\/v2\/pages\/621\/revisions\/1219"}],"up":[{"embeddable":true,"href":"https:\/\/swiffy-j.com\/gamine\/wp-json\/wp\/v2\/pages\/363"}],"wp:attachment":[{"href":"https:\/\/swiffy-j.com\/gamine\/wp-json\/wp\/v2\/media?parent=621"}],"curies":[{"name":"wp","href":"https:\/\/api.w.org\/{rel}","templated":true}]}}