{"id":637,"date":"2013-01-20T18:07:51","date_gmt":"2013-01-20T18:07:51","guid":{"rendered":"http:\/\/swiffy-j.com\/gamine\/?page_id=637"},"modified":"2014-11-16T21:23:28","modified_gmt":"2014-11-16T21:23:28","slug":"cuisine","status":"publish","type":"page","link":"https:\/\/swiffy-j.com\/gamine\/maison\/premier-etage-de-la-maison\/cuisine\/","title":{"rendered":"Cuisine"},"content":{"rendered":"<p><em>La salle \u00e0 manger\u00a0a une tr\u00e8s grande fen\u00eatre \u00e0 l&#8217;avant avec une tr\u00e8s belle vue sur la propri\u00e9t\u00e9 et une autre plus petite fen\u00eatre au-dessus du lavabo de la cuisine. <\/em><\/p>\n<p>&nbsp;<\/p>\n<div id=\"attachment_1101\" style=\"width: 310px\" class=\"wp-caption alignleft\"><a href=\"http:\/\/swiffy-j.com\/gamine\/house\/first-floor\/kitchen\/attachment\/112\/\"><img data-recalc-dims=\"1\" decoding=\"async\" aria-describedby=\"caption-attachment-1101\" loading=\"lazy\" class=\"wp-image-1101 size-medium\" src=\"https:\/\/i0.wp.com\/swiffy-j.com\/gamine\/wp-content\/uploads\/2013\/01\/112-300x225.jpg?resize=300%2C225\" alt=\"112\" width=\"300\" height=\"225\" srcset=\"https:\/\/i0.wp.com\/swiffy-j.com\/gamine\/wp-content\/uploads\/2013\/01\/112.jpg?resize=300%2C225&amp;ssl=1 300w, https:\/\/i0.wp.com\/swiffy-j.com\/gamine\/wp-content\/uploads\/2013\/01\/112.jpg?resize=1024%2C768&amp;ssl=1 1024w, https:\/\/i0.wp.com\/swiffy-j.com\/gamine\/wp-content\/uploads\/2013\/01\/112.jpg?w=1168&amp;ssl=1 1168w, https:\/\/i0.wp.com\/swiffy-j.com\/gamine\/wp-content\/uploads\/2013\/01\/112.jpg?w=1752&amp;ssl=1 1752w\" sizes=\"auto, (max-width: 300px) 100vw, 300px\" \/><\/a><p id=\"caption-attachment-1101\" class=\"wp-caption-text\">Vue de la salle \u00e0 manger<\/p><\/div>\n<div id=\"attachment_1100\" style=\"width: 310px\" class=\"wp-caption alignleft\"><a href=\"http:\/\/swiffy-j.com\/gamine\/house\/first-floor\/kitchen\/attachment\/114\/\"><img data-recalc-dims=\"1\" decoding=\"async\" aria-describedby=\"caption-attachment-1100\" loading=\"lazy\" class=\"wp-image-1100 size-medium\" src=\"https:\/\/i0.wp.com\/swiffy-j.com\/gamine\/wp-content\/uploads\/2013\/01\/114-300x225.jpg?resize=300%2C225\" alt=\"114\" width=\"300\" height=\"225\" srcset=\"https:\/\/i0.wp.com\/swiffy-j.com\/gamine\/wp-content\/uploads\/2013\/01\/114.jpg?resize=300%2C225&amp;ssl=1 300w, https:\/\/i0.wp.com\/swiffy-j.com\/gamine\/wp-content\/uploads\/2013\/01\/114.jpg?resize=1024%2C768&amp;ssl=1 1024w, https:\/\/i0.wp.com\/swiffy-j.com\/gamine\/wp-content\/uploads\/2013\/01\/114.jpg?w=1168&amp;ssl=1 1168w, https:\/\/i0.wp.com\/swiffy-j.com\/gamine\/wp-content\/uploads\/2013\/01\/114.jpg?w=1752&amp;ssl=1 1752w\" sizes=\"auto, (max-width: 300px) 100vw, 300px\" \/><\/a><p id=\"caption-attachment-1100\" class=\"wp-caption-text\">Vue panoramique de la propri\u00e9t\u00e9 par la fen\u00eatre de la salle \u00e0 manger<\/p><\/div>\n<div id=\"attachment_1103\" style=\"width: 310px\" class=\"wp-caption alignleft\"><a href=\"http:\/\/swiffy-j.com\/gamine\/house\/first-floor\/kitchen\/attachment\/110\/\"><img data-recalc-dims=\"1\" decoding=\"async\" aria-describedby=\"caption-attachment-1103\" loading=\"lazy\" class=\"wp-image-1103 size-medium\" src=\"https:\/\/i0.wp.com\/swiffy-j.com\/gamine\/wp-content\/uploads\/2013\/01\/110-300x225.jpg?resize=300%2C225\" alt=\"110\" width=\"300\" height=\"225\" srcset=\"https:\/\/i0.wp.com\/swiffy-j.com\/gamine\/wp-content\/uploads\/2013\/01\/110.jpg?resize=300%2C225&amp;ssl=1 300w, https:\/\/i0.wp.com\/swiffy-j.com\/gamine\/wp-content\/uploads\/2013\/01\/110.jpg?resize=1024%2C768&amp;ssl=1 1024w, https:\/\/i0.wp.com\/swiffy-j.com\/gamine\/wp-content\/uploads\/2013\/01\/110.jpg?w=1168&amp;ssl=1 1168w, https:\/\/i0.wp.com\/swiffy-j.com\/gamine\/wp-content\/uploads\/2013\/01\/110.jpg?w=1752&amp;ssl=1 1752w\" sizes=\"auto, (max-width: 300px) 100vw, 300px\" \/><\/a><p id=\"caption-attachment-1103\" class=\"wp-caption-text\">Cuisine fonctionnelle avec lave-vaisselle<\/p><\/div>\n<div id=\"attachment_644\" style=\"width: 310px\" class=\"wp-caption alignleft\"><a href=\"http:\/\/swiffy-j.com\/gamine\/maison\/premier-etage-de-la-maison\/cuisine\/031-2\/\"><img data-recalc-dims=\"1\" decoding=\"async\" aria-describedby=\"caption-attachment-644\" loading=\"lazy\" class=\"wp-image-644 size-medium\" src=\"https:\/\/i0.wp.com\/swiffy-j.com\/gamine\/wp-content\/uploads\/2013\/01\/031-300x225.jpg?resize=300%2C225\" alt=\"\" width=\"300\" height=\"225\" srcset=\"https:\/\/i0.wp.com\/swiffy-j.com\/gamine\/wp-content\/uploads\/2013\/01\/031.jpg?resize=300%2C225&amp;ssl=1 300w, https:\/\/i0.wp.com\/swiffy-j.com\/gamine\/wp-content\/uploads\/2013\/01\/031.jpg?resize=1024%2C768&amp;ssl=1 1024w, https:\/\/i0.wp.com\/swiffy-j.com\/gamine\/wp-content\/uploads\/2013\/01\/031.jpg?w=1168&amp;ssl=1 1168w, https:\/\/i0.wp.com\/swiffy-j.com\/gamine\/wp-content\/uploads\/2013\/01\/031.jpg?w=1752&amp;ssl=1 1752w\" sizes=\"auto, (max-width: 300px) 100vw, 300px\" \/><\/a><p id=\"caption-attachment-644\" class=\"wp-caption-text\">o\u00f9 l&#8217;on peut pr\u00e9parer des plats maison<\/p><\/div>\n<p>&nbsp;<\/p>\n<p>&nbsp;<\/p>\n<p>&nbsp;<\/p>\n<p>&nbsp;<\/p>\n<p>&nbsp;<\/p>\n<p>&nbsp;<\/p>\n<p>&nbsp;<\/p>\n<p>&nbsp;<\/p>\n<p>&nbsp;<\/p>\n<p>&nbsp;<\/p>\n<p>&nbsp;<\/p>\n<p>&nbsp;<\/p>\n<p>&nbsp;<\/p>\n<p>&nbsp;<\/p>\n","protected":false},"excerpt":{"rendered":"<p>La salle \u00e0 manger\u00a0a une tr\u00e8s grande fen\u00eatre \u00e0 l&#8217;avant avec une tr\u00e8s belle vue sur la propri\u00e9t\u00e9 et une autre plus petite fen\u00eatre au-dessus du lavabo de la cuisine. &nbsp; &nbsp; &nbsp; &nbsp; &nbsp; &nbsp; &nbsp; &nbsp; &nbsp; &nbsp; &hellip; <a href=\"https:\/\/swiffy-j.com\/gamine\/maison\/premier-etage-de-la-maison\/cuisine\/\">Continue reading <span class=\"meta-nav\">&rarr;<\/span><\/a><\/p>\n","protected":false},"author":1,"featured_media":0,"parent":621,"menu_order":1,"comment_status":"closed","ping_status":"closed","template":"onecolumn-page.php","meta":{"nf_dc_page":"","footnotes":""},"class_list":["post-637","page","type-page","status-publish","hentry"],"jetpack_shortlink":"https:\/\/wp.me\/P30o6n-ah","jetpack_sharing_enabled":false,"_links":{"self":[{"href":"https:\/\/swiffy-j.com\/gamine\/wp-json\/wp\/v2\/pages\/637","targetHints":{"allow":["GET"]}}],"collection":[{"href":"https:\/\/swiffy-j.com\/gamine\/wp-json\/wp\/v2\/pages"}],"about":[{"href":"https:\/\/swiffy-j.com\/gamine\/wp-json\/wp\/v2\/types\/page"}],"author":[{"embeddable":true,"href":"https:\/\/swiffy-j.com\/gamine\/wp-json\/wp\/v2\/users\/1"}],"replies":[{"embeddable":true,"href":"https:\/\/swiffy-j.com\/gamine\/wp-json\/wp\/v2\/comments?post=637"}],"version-history":[{"count":31,"href":"https:\/\/swiffy-j.com\/gamine\/wp-json\/wp\/v2\/pages\/637\/revisions"}],"predecessor-version":[{"id":1244,"href":"https:\/\/swiffy-j.com\/gamine\/wp-json\/wp\/v2\/pages\/637\/revisions\/1244"}],"up":[{"embeddable":true,"href":"https:\/\/swiffy-j.com\/gamine\/wp-json\/wp\/v2\/pages\/621"}],"wp:attachment":[{"href":"https:\/\/swiffy-j.com\/gamine\/wp-json\/wp\/v2\/media?parent=637"}],"curies":[{"name":"wp","href":"https:\/\/api.w.org\/{rel}","templated":true}]}}