{"id":646,"date":"2013-01-20T18:23:39","date_gmt":"2013-01-20T18:23:39","guid":{"rendered":"http:\/\/swiffy-j.com\/gamine\/?page_id=646"},"modified":"2014-11-16T20:17:50","modified_gmt":"2014-11-16T20:17:50","slug":"salon","status":"publish","type":"page","link":"https:\/\/swiffy-j.com\/gamine\/maison\/premier-etage-de-la-maison\/salon\/","title":{"rendered":"Salon"},"content":{"rendered":"<div id=\"attachment_1081\" style=\"width: 310px\" class=\"wp-caption alignleft\"><a href=\"http:\/\/swiffy-j.com\/gamine\/house\/first-floor\/dining-room\/080-2\/\" rel=\"attachment wp-att-442\"><img data-recalc-dims=\"1\" decoding=\"async\" aria-describedby=\"caption-attachment-1081\" loading=\"lazy\" class=\"  wp-image-1081 size-medium\" src=\"https:\/\/i0.wp.com\/swiffy-j.com\/gamine\/wp-content\/uploads\/2013\/01\/080-300x225.jpg?resize=300%2C225\" alt=\"\" width=\"300\" height=\"225\" srcset=\"https:\/\/i0.wp.com\/swiffy-j.com\/gamine\/wp-content\/uploads\/2013\/01\/080.jpg?resize=300%2C225&amp;ssl=1 300w, https:\/\/i0.wp.com\/swiffy-j.com\/gamine\/wp-content\/uploads\/2013\/01\/080.jpg?resize=1024%2C768&amp;ssl=1 1024w, https:\/\/i0.wp.com\/swiffy-j.com\/gamine\/wp-content\/uploads\/2013\/01\/080.jpg?w=1168&amp;ssl=1 1168w, https:\/\/i0.wp.com\/swiffy-j.com\/gamine\/wp-content\/uploads\/2013\/01\/080.jpg?w=1752&amp;ssl=1 1752w\" sizes=\"auto, (max-width: 300px) 100vw, 300px\" \/><\/a><p id=\"caption-attachment-1081\" class=\"wp-caption-text\">Bon petit feu de foyer quand il fait froid ou il pleut<\/p><\/div>\n<div id=\"attachment_439\" style=\"width: 310px\" class=\"wp-caption alignleft\"><a href=\"http:\/\/swiffy-j.com\/gamine\/house\/attachment\/034\/\" rel=\"attachment wp-att-439\"><img data-recalc-dims=\"1\" decoding=\"async\" aria-describedby=\"caption-attachment-439\" loading=\"lazy\" class=\"wp-image-439 size-medium\" src=\"https:\/\/i0.wp.com\/swiffy-j.com\/gamine\/wp-content\/uploads\/2012\/12\/034-300x225.jpg?resize=300%2C225\" alt=\"034\" width=\"300\" height=\"225\" srcset=\"https:\/\/i0.wp.com\/swiffy-j.com\/gamine\/wp-content\/uploads\/2012\/12\/034.jpg?resize=300%2C225&amp;ssl=1 300w, https:\/\/i0.wp.com\/swiffy-j.com\/gamine\/wp-content\/uploads\/2012\/12\/034.jpg?resize=1024%2C768&amp;ssl=1 1024w, https:\/\/i0.wp.com\/swiffy-j.com\/gamine\/wp-content\/uploads\/2012\/12\/034.jpg?w=1168&amp;ssl=1 1168w, https:\/\/i0.wp.com\/swiffy-j.com\/gamine\/wp-content\/uploads\/2012\/12\/034.jpg?w=1752&amp;ssl=1 1752w\" sizes=\"auto, (max-width: 300px) 100vw, 300px\" \/><\/a><p id=\"caption-attachment-439\" class=\"wp-caption-text\">Vue du salon en entrant par la verri\u00e8re.<\/p><\/div>\n<div id=\"attachment_1091\" style=\"width: 310px\" class=\"wp-caption alignleft\"><a href=\"http:\/\/swiffy-j.com\/gamine\/house\/first-floor\/dining-room\/attachment\/102\/\" rel=\"attachment wp-att-407\"><img data-recalc-dims=\"1\" decoding=\"async\" aria-describedby=\"caption-attachment-1091\" loading=\"lazy\" class=\"wp-image-1091 size-medium\" src=\"https:\/\/i0.wp.com\/swiffy-j.com\/gamine\/wp-content\/uploads\/2013\/01\/102-300x225.jpg?resize=300%2C225\" alt=\"\" width=\"300\" height=\"225\" srcset=\"https:\/\/i0.wp.com\/swiffy-j.com\/gamine\/wp-content\/uploads\/2013\/01\/102.jpg?resize=300%2C225&amp;ssl=1 300w, https:\/\/i0.wp.com\/swiffy-j.com\/gamine\/wp-content\/uploads\/2013\/01\/102.jpg?resize=1024%2C768&amp;ssl=1 1024w, https:\/\/i0.wp.com\/swiffy-j.com\/gamine\/wp-content\/uploads\/2013\/01\/102.jpg?w=1168&amp;ssl=1 1168w, https:\/\/i0.wp.com\/swiffy-j.com\/gamine\/wp-content\/uploads\/2013\/01\/102.jpg?w=1752&amp;ssl=1 1752w\" sizes=\"auto, (max-width: 300px) 100vw, 300px\" \/><\/a><p id=\"caption-attachment-1091\" class=\"wp-caption-text\">Voici le temps d&#8217;\u00e9couter un film devant un feu de foyer<\/p><\/div>\n<div id=\"attachment_1074\" style=\"width: 310px\" class=\"wp-caption alignleft\"><a href=\"http:\/\/swiffy-j.com\/gamine\/house\/first-floor\/dining-room\/067-2\/\" rel=\"attachment wp-att-444\"><img data-recalc-dims=\"1\" decoding=\"async\" aria-describedby=\"caption-attachment-1074\" loading=\"lazy\" class=\"  wp-image-1074 size-medium\" src=\"https:\/\/i0.wp.com\/swiffy-j.com\/gamine\/wp-content\/uploads\/2013\/01\/067-300x225.jpg?resize=300%2C225\" alt=\"\" width=\"300\" height=\"225\" srcset=\"https:\/\/i0.wp.com\/swiffy-j.com\/gamine\/wp-content\/uploads\/2013\/01\/067.jpg?resize=300%2C225&amp;ssl=1 300w, https:\/\/i0.wp.com\/swiffy-j.com\/gamine\/wp-content\/uploads\/2013\/01\/067.jpg?resize=1024%2C768&amp;ssl=1 1024w, https:\/\/i0.wp.com\/swiffy-j.com\/gamine\/wp-content\/uploads\/2013\/01\/067.jpg?w=1168&amp;ssl=1 1168w, https:\/\/i0.wp.com\/swiffy-j.com\/gamine\/wp-content\/uploads\/2013\/01\/067.jpg?w=1752&amp;ssl=1 1752w\" sizes=\"auto, (max-width: 300px) 100vw, 300px\" \/><\/a><p id=\"caption-attachment-1074\" class=\"wp-caption-text\">Vue de la partie avant du salon et escalier qui m\u00e8ne aux chambres \u00e0 coucher<\/p><\/div>\n<div id=\"attachment_1073\" style=\"width: 310px\" class=\"wp-caption alignleft\"><a href=\"http:\/\/swiffy-j.com\/gamine\/house\/first-floor\/dining-room\/066-2\/\" rel=\"attachment wp-att-445\"><img data-recalc-dims=\"1\" decoding=\"async\" aria-describedby=\"caption-attachment-1073\" loading=\"lazy\" class=\"  wp-image-1073 size-medium\" src=\"https:\/\/i0.wp.com\/swiffy-j.com\/gamine\/wp-content\/uploads\/2013\/01\/066-300x225.jpg?resize=300%2C225\" alt=\"\" width=\"300\" height=\"225\" srcset=\"https:\/\/i0.wp.com\/swiffy-j.com\/gamine\/wp-content\/uploads\/2013\/01\/066.jpg?resize=300%2C225&amp;ssl=1 300w, https:\/\/i0.wp.com\/swiffy-j.com\/gamine\/wp-content\/uploads\/2013\/01\/066.jpg?resize=1024%2C768&amp;ssl=1 1024w, https:\/\/i0.wp.com\/swiffy-j.com\/gamine\/wp-content\/uploads\/2013\/01\/066.jpg?w=1168&amp;ssl=1 1168w, https:\/\/i0.wp.com\/swiffy-j.com\/gamine\/wp-content\/uploads\/2013\/01\/066.jpg?w=1752&amp;ssl=1 1752w\" sizes=\"auto, (max-width: 300px) 100vw, 300px\" \/><\/a><p id=\"caption-attachment-1073\" class=\"wp-caption-text\">Vue panoramique de l&#8217;am\u00e9nagement paysagique de la propri\u00e9t\u00e9<\/p><\/div>\n<div id=\"attachment_449\" style=\"width: 310px\" class=\"wp-caption alignleft\"><a href=\"http:\/\/swiffy-j.com\/gamine\/house\/attachment\/044\/\" rel=\"attachment wp-att-449\"><img data-recalc-dims=\"1\" decoding=\"async\" aria-describedby=\"caption-attachment-449\" loading=\"lazy\" class=\"wp-image-449 size-medium\" src=\"https:\/\/i0.wp.com\/swiffy-j.com\/gamine\/wp-content\/uploads\/2012\/12\/044-300x225.jpg?resize=300%2C225\" alt=\"044\" width=\"300\" height=\"225\" srcset=\"https:\/\/i0.wp.com\/swiffy-j.com\/gamine\/wp-content\/uploads\/2012\/12\/044.jpg?resize=300%2C225&amp;ssl=1 300w, https:\/\/i0.wp.com\/swiffy-j.com\/gamine\/wp-content\/uploads\/2012\/12\/044.jpg?resize=1024%2C768&amp;ssl=1 1024w, https:\/\/i0.wp.com\/swiffy-j.com\/gamine\/wp-content\/uploads\/2012\/12\/044.jpg?w=1168&amp;ssl=1 1168w, https:\/\/i0.wp.com\/swiffy-j.com\/gamine\/wp-content\/uploads\/2012\/12\/044.jpg?w=1752&amp;ssl=1 1752w\" sizes=\"auto, (max-width: 300px) 100vw, 300px\" \/><\/a><p id=\"caption-attachment-449\" class=\"wp-caption-text\">Belle prise de vue de tout le premier plancher de la maison de campagne de la verri\u00e8re \u00e0 l&#8217;arri\u00e8re.<\/p><\/div>\n<p>&nbsp;<\/p>\n","protected":false},"excerpt":{"rendered":"<p>&nbsp;<\/p>\n","protected":false},"author":1,"featured_media":0,"parent":621,"menu_order":2,"comment_status":"closed","ping_status":"closed","template":"onecolumn-page.php","meta":{"nf_dc_page":"","footnotes":""},"class_list":["post-646","page","type-page","status-publish","hentry"],"jetpack_shortlink":"https:\/\/wp.me\/P30o6n-aq","jetpack_sharing_enabled":true,"_links":{"self":[{"href":"https:\/\/swiffy-j.com\/gamine\/wp-json\/wp\/v2\/pages\/646","targetHints":{"allow":["GET"]}}],"collection":[{"href":"https:\/\/swiffy-j.com\/gamine\/wp-json\/wp\/v2\/pages"}],"about":[{"href":"https:\/\/swiffy-j.com\/gamine\/wp-json\/wp\/v2\/types\/page"}],"author":[{"embeddable":true,"href":"https:\/\/swiffy-j.com\/gamine\/wp-json\/wp\/v2\/users\/1"}],"replies":[{"embeddable":true,"href":"https:\/\/swiffy-j.com\/gamine\/wp-json\/wp\/v2\/comments?post=646"}],"version-history":[{"count":17,"href":"https:\/\/swiffy-j.com\/gamine\/wp-json\/wp\/v2\/pages\/646\/revisions"}],"predecessor-version":[{"id":1192,"href":"https:\/\/swiffy-j.com\/gamine\/wp-json\/wp\/v2\/pages\/646\/revisions\/1192"}],"up":[{"embeddable":true,"href":"https:\/\/swiffy-j.com\/gamine\/wp-json\/wp\/v2\/pages\/621"}],"wp:attachment":[{"href":"https:\/\/swiffy-j.com\/gamine\/wp-json\/wp\/v2\/media?parent=646"}],"curies":[{"name":"wp","href":"https:\/\/api.w.org\/{rel}","templated":true}]}}