{"id":651,"date":"2013-01-20T18:34:09","date_gmt":"2013-01-20T18:34:09","guid":{"rendered":"http:\/\/swiffy-j.com\/gamine\/?page_id=651"},"modified":"2025-01-18T19:53:15","modified_gmt":"2025-01-18T19:53:15","slug":"bureau","status":"publish","type":"page","link":"https:\/\/swiffy-j.com\/gamine\/maison\/premier-etage-de-la-maison\/bureau\/","title":{"rendered":"Petite chambre"},"content":{"rendered":"<p><em>La vue de la propri\u00e9t\u00e9 est belle de la fen\u00eatre de la petite chambre. <\/em><\/p>\n<p><em>En \u00e9t\u00e9, un colibri a un nid dans un conif\u00e8re tout pr\u00e8s de la fen\u00eatre. <\/em><\/p>\n<p><em>Chaque ann\u00e9e, il retourne au m\u00eame arbre.<\/em><\/p>\n<div id=\"attachment_1334\" style=\"width: 310px\" class=\"wp-caption alignnone\"><a href=\"https:\/\/swiffy-j.com\/gamine\/house\/first-floor\/office\/20241226_094251\/\" rel=\"attachment wp-att-450\"><img data-recalc-dims=\"1\" decoding=\"async\" aria-describedby=\"caption-attachment-1334\" loading=\"lazy\" class=\"wp-image-1334 size-medium\" src=\"https:\/\/i0.wp.com\/swiffy-j.com\/gamine\/wp-content\/uploads\/2025\/01\/20241226_094251.jpg?resize=300%2C225&#038;ssl=1\" alt=\"\" width=\"300\" height=\"225\" srcset=\"https:\/\/i0.wp.com\/swiffy-j.com\/gamine\/wp-content\/uploads\/2025\/01\/20241226_094251-scaled.jpg?resize=300%2C225&amp;ssl=1 300w, https:\/\/i0.wp.com\/swiffy-j.com\/gamine\/wp-content\/uploads\/2025\/01\/20241226_094251-scaled.jpg?resize=1024%2C768&amp;ssl=1 1024w, https:\/\/i0.wp.com\/swiffy-j.com\/gamine\/wp-content\/uploads\/2025\/01\/20241226_094251-scaled.jpg?resize=768%2C576&amp;ssl=1 768w, https:\/\/i0.wp.com\/swiffy-j.com\/gamine\/wp-content\/uploads\/2025\/01\/20241226_094251-scaled.jpg?resize=1536%2C1152&amp;ssl=1 1536w, https:\/\/i0.wp.com\/swiffy-j.com\/gamine\/wp-content\/uploads\/2025\/01\/20241226_094251-scaled.jpg?resize=2048%2C1536&amp;ssl=1 2048w, https:\/\/i0.wp.com\/swiffy-j.com\/gamine\/wp-content\/uploads\/2025\/01\/20241226_094251-scaled.jpg?resize=400%2C300&amp;ssl=1 400w, https:\/\/i0.wp.com\/swiffy-j.com\/gamine\/wp-content\/uploads\/2025\/01\/20241226_094251-scaled.jpg?w=1168&amp;ssl=1 1168w, https:\/\/i0.wp.com\/swiffy-j.com\/gamine\/wp-content\/uploads\/2025\/01\/20241226_094251-scaled.jpg?w=1752&amp;ssl=1 1752w\" sizes=\"auto, (max-width: 300px) 100vw, 300px\" \/><\/a><p id=\"caption-attachment-1334\" class=\"wp-caption-text\">Quand on ouvre cette fen\u00eatre l&#8217;\u00e9t\u00e9, une belle petite brise de la for\u00eat peut y p\u00e9n\u00e9trer.<\/p><\/div>\n","protected":false},"excerpt":{"rendered":"<p>La vue de la propri\u00e9t\u00e9 est belle de la fen\u00eatre de la petite chambre. En \u00e9t\u00e9, un colibri a un nid dans un conif\u00e8re tout pr\u00e8s de la fen\u00eatre. Chaque ann\u00e9e, il retourne au m\u00eame arbre.<\/p>\n","protected":false},"author":1,"featured_media":0,"parent":621,"menu_order":3,"comment_status":"closed","ping_status":"closed","template":"onecolumn-page.php","meta":{"nf_dc_page":"","footnotes":""},"class_list":["post-651","page","type-page","status-publish","hentry"],"jetpack_shortlink":"https:\/\/wp.me\/P30o6n-av","jetpack_sharing_enabled":true,"_links":{"self":[{"href":"https:\/\/swiffy-j.com\/gamine\/wp-json\/wp\/v2\/pages\/651","targetHints":{"allow":["GET"]}}],"collection":[{"href":"https:\/\/swiffy-j.com\/gamine\/wp-json\/wp\/v2\/pages"}],"about":[{"href":"https:\/\/swiffy-j.com\/gamine\/wp-json\/wp\/v2\/types\/page"}],"author":[{"embeddable":true,"href":"https:\/\/swiffy-j.com\/gamine\/wp-json\/wp\/v2\/users\/1"}],"replies":[{"embeddable":true,"href":"https:\/\/swiffy-j.com\/gamine\/wp-json\/wp\/v2\/comments?post=651"}],"version-history":[{"count":12,"href":"https:\/\/swiffy-j.com\/gamine\/wp-json\/wp\/v2\/pages\/651\/revisions"}],"predecessor-version":[{"id":1366,"href":"https:\/\/swiffy-j.com\/gamine\/wp-json\/wp\/v2\/pages\/651\/revisions\/1366"}],"up":[{"embeddable":true,"href":"https:\/\/swiffy-j.com\/gamine\/wp-json\/wp\/v2\/pages\/621"}],"wp:attachment":[{"href":"https:\/\/swiffy-j.com\/gamine\/wp-json\/wp\/v2\/media?parent=651"}],"curies":[{"name":"wp","href":"https:\/\/api.w.org\/{rel}","templated":true}]}}