{"id":657,"date":"2013-01-20T18:39:04","date_gmt":"2013-01-20T18:39:04","guid":{"rendered":"http:\/\/swiffy-j.com\/gamine\/?page_id=657"},"modified":"2025-01-18T19:59:02","modified_gmt":"2025-01-18T19:59:02","slug":"verriere","status":"publish","type":"page","link":"https:\/\/swiffy-j.com\/gamine\/maison\/premier-etage-de-la-maison\/verriere\/","title":{"rendered":"Verri\u00e8re"},"content":{"rendered":"<p><em>La verri\u00e8re est selon moi un des plus beaux atouts de la propri\u00e9t\u00e9. Nous y passons les printemps, \u00e9t\u00e9s, automnes en d\u00e9gustant\u00a0notre caf\u00e9 et en regardant la montagne. <\/em><\/p>\n<p><em>Souvent les chevreuils descendent de la montagne pour venir manger sur la propri\u00e9t\u00e9.\u00a0Nous pouvons alors les regarder de la verri\u00e8re. <\/em><\/p>\n<p><em>L&#8217;\u00e9t\u00e9, \u00a0nous pouvons ouvrir les grandes fen\u00eatres et laisser passer la brise.<\/em><\/p>\n<div id=\"attachment_1337\" style=\"width: 310px\" class=\"wp-caption alignnone\"><a href=\"https:\/\/swiffy-j.com\/gamine\/house\/first-floor\/sun-room\/20241226_094405\/\" rel=\"attachment wp-att-448\"><img data-recalc-dims=\"1\" decoding=\"async\" aria-describedby=\"caption-attachment-1337\" loading=\"lazy\" class=\"  wp-image-1337 size-medium\" src=\"https:\/\/i0.wp.com\/swiffy-j.com\/gamine\/wp-content\/uploads\/2025\/01\/20241226_094405.jpg?resize=300%2C225&#038;ssl=1\" alt=\"\" width=\"300\" height=\"225\" srcset=\"https:\/\/i0.wp.com\/swiffy-j.com\/gamine\/wp-content\/uploads\/2025\/01\/20241226_094405-scaled.jpg?resize=300%2C225&amp;ssl=1 300w, https:\/\/i0.wp.com\/swiffy-j.com\/gamine\/wp-content\/uploads\/2025\/01\/20241226_094405-scaled.jpg?resize=1024%2C768&amp;ssl=1 1024w, https:\/\/i0.wp.com\/swiffy-j.com\/gamine\/wp-content\/uploads\/2025\/01\/20241226_094405-scaled.jpg?resize=768%2C576&amp;ssl=1 768w, https:\/\/i0.wp.com\/swiffy-j.com\/gamine\/wp-content\/uploads\/2025\/01\/20241226_094405-scaled.jpg?resize=1536%2C1152&amp;ssl=1 1536w, https:\/\/i0.wp.com\/swiffy-j.com\/gamine\/wp-content\/uploads\/2025\/01\/20241226_094405-scaled.jpg?resize=2048%2C1536&amp;ssl=1 2048w, https:\/\/i0.wp.com\/swiffy-j.com\/gamine\/wp-content\/uploads\/2025\/01\/20241226_094405-scaled.jpg?resize=400%2C300&amp;ssl=1 400w, https:\/\/i0.wp.com\/swiffy-j.com\/gamine\/wp-content\/uploads\/2025\/01\/20241226_094405-scaled.jpg?w=1168&amp;ssl=1 1168w, https:\/\/i0.wp.com\/swiffy-j.com\/gamine\/wp-content\/uploads\/2025\/01\/20241226_094405-scaled.jpg?w=1752&amp;ssl=1 1752w\" sizes=\"auto, (max-width: 300px) 100vw, 300px\" \/><\/a><p id=\"caption-attachment-1337\" class=\"wp-caption-text\">Quand il pleut, non seulement nous pouvons entendre le bruit et voir les gouttes de pluie qui tombent sur le toit mais aussi nous pouvons nous maintenir au sec et \u00e0 l&#8217;int\u00e9rieur. C&#8217;est comme si nous prenions une douche sans se mouiller.<\/p><\/div>\n<div id=\"attachment_1338\" style=\"width: 310px\" class=\"wp-caption alignnone\"><a href=\"https:\/\/swiffy-j.com\/gamine\/house\/first-floor\/sun-room\/20241226_094357\/\" rel=\"attachment wp-att-447\"><img data-recalc-dims=\"1\" decoding=\"async\" aria-describedby=\"caption-attachment-1338\" loading=\"lazy\" class=\"wp-image-1338 size-medium\" src=\"https:\/\/i0.wp.com\/swiffy-j.com\/gamine\/wp-content\/uploads\/2025\/01\/20241226_094357.jpg?resize=300%2C225&#038;ssl=1\" alt=\"\" width=\"300\" height=\"225\" srcset=\"https:\/\/i0.wp.com\/swiffy-j.com\/gamine\/wp-content\/uploads\/2025\/01\/20241226_094357-scaled.jpg?resize=300%2C225&amp;ssl=1 300w, https:\/\/i0.wp.com\/swiffy-j.com\/gamine\/wp-content\/uploads\/2025\/01\/20241226_094357-scaled.jpg?resize=1024%2C768&amp;ssl=1 1024w, https:\/\/i0.wp.com\/swiffy-j.com\/gamine\/wp-content\/uploads\/2025\/01\/20241226_094357-scaled.jpg?resize=768%2C576&amp;ssl=1 768w, https:\/\/i0.wp.com\/swiffy-j.com\/gamine\/wp-content\/uploads\/2025\/01\/20241226_094357-scaled.jpg?resize=1536%2C1152&amp;ssl=1 1536w, https:\/\/i0.wp.com\/swiffy-j.com\/gamine\/wp-content\/uploads\/2025\/01\/20241226_094357-scaled.jpg?resize=2048%2C1536&amp;ssl=1 2048w, https:\/\/i0.wp.com\/swiffy-j.com\/gamine\/wp-content\/uploads\/2025\/01\/20241226_094357-scaled.jpg?resize=400%2C300&amp;ssl=1 400w, https:\/\/i0.wp.com\/swiffy-j.com\/gamine\/wp-content\/uploads\/2025\/01\/20241226_094357-scaled.jpg?w=1168&amp;ssl=1 1168w, https:\/\/i0.wp.com\/swiffy-j.com\/gamine\/wp-content\/uploads\/2025\/01\/20241226_094357-scaled.jpg?w=1752&amp;ssl=1 1752w\" sizes=\"auto, (max-width: 300px) 100vw, 300px\" \/><\/a><p id=\"caption-attachment-1338\" class=\"wp-caption-text\">La verri\u00e8re est d\u00e9finitivement un bel atout de la maison.<\/p><\/div>\n","protected":false},"excerpt":{"rendered":"<p>La verri\u00e8re est selon moi un des plus beaux atouts de la propri\u00e9t\u00e9. Nous y passons les printemps, \u00e9t\u00e9s, automnes en d\u00e9gustant\u00a0notre caf\u00e9 et en regardant la montagne. Souvent les chevreuils descendent de la montagne pour venir manger sur la &hellip; <a href=\"https:\/\/swiffy-j.com\/gamine\/maison\/premier-etage-de-la-maison\/verriere\/\">Continue reading <span class=\"meta-nav\">&rarr;<\/span><\/a><\/p>\n","protected":false},"author":1,"featured_media":0,"parent":621,"menu_order":4,"comment_status":"closed","ping_status":"closed","template":"onecolumn-page.php","meta":{"nf_dc_page":"","footnotes":""},"class_list":["post-657","page","type-page","status-publish","hentry"],"jetpack_shortlink":"https:\/\/wp.me\/P30o6n-aB","jetpack_sharing_enabled":true,"_links":{"self":[{"href":"https:\/\/swiffy-j.com\/gamine\/wp-json\/wp\/v2\/pages\/657","targetHints":{"allow":["GET"]}}],"collection":[{"href":"https:\/\/swiffy-j.com\/gamine\/wp-json\/wp\/v2\/pages"}],"about":[{"href":"https:\/\/swiffy-j.com\/gamine\/wp-json\/wp\/v2\/types\/page"}],"author":[{"embeddable":true,"href":"https:\/\/swiffy-j.com\/gamine\/wp-json\/wp\/v2\/users\/1"}],"replies":[{"embeddable":true,"href":"https:\/\/swiffy-j.com\/gamine\/wp-json\/wp\/v2\/comments?post=657"}],"version-history":[{"count":23,"href":"https:\/\/swiffy-j.com\/gamine\/wp-json\/wp\/v2\/pages\/657\/revisions"}],"predecessor-version":[{"id":1371,"href":"https:\/\/swiffy-j.com\/gamine\/wp-json\/wp\/v2\/pages\/657\/revisions\/1371"}],"up":[{"embeddable":true,"href":"https:\/\/swiffy-j.com\/gamine\/wp-json\/wp\/v2\/pages\/621"}],"wp:attachment":[{"href":"https:\/\/swiffy-j.com\/gamine\/wp-json\/wp\/v2\/media?parent=657"}],"curies":[{"name":"wp","href":"https:\/\/api.w.org\/{rel}","templated":true}]}}