{"id":668,"date":"2013-01-20T19:02:57","date_gmt":"2013-01-20T19:02:57","guid":{"rendered":"http:\/\/swiffy-j.com\/gamine\/?page_id=668"},"modified":"2025-01-18T20:01:46","modified_gmt":"2025-01-18T20:01:46","slug":"chambres-a-coucher","status":"publish","type":"page","link":"https:\/\/swiffy-j.com\/gamine\/maison\/deuxieme-etage\/chambres-a-coucher\/","title":{"rendered":"Chambres \u00e0 coucher"},"content":{"rendered":"<div id=\"attachment_1122\" style=\"width: 310px\" class=\"wp-caption alignleft\"><a href=\"http:\/\/swiffy-j.com\/gamine\/house\/second-floor-of-the-house\/bedrooms\/attachment\/126\/\" rel=\"attachment wp-att-472\"><img data-recalc-dims=\"1\" decoding=\"async\" aria-describedby=\"caption-attachment-1122\" loading=\"lazy\" class=\"wp-image-1122 size-medium\" src=\"https:\/\/i0.wp.com\/swiffy-j.com\/gamine\/wp-content\/uploads\/2013\/01\/126-300x225.jpg?resize=300%2C225\" alt=\"\" width=\"300\" height=\"225\" srcset=\"https:\/\/i0.wp.com\/swiffy-j.com\/gamine\/wp-content\/uploads\/2013\/01\/126.jpg?resize=300%2C225&amp;ssl=1 300w, https:\/\/i0.wp.com\/swiffy-j.com\/gamine\/wp-content\/uploads\/2013\/01\/126.jpg?resize=1024%2C768&amp;ssl=1 1024w, https:\/\/i0.wp.com\/swiffy-j.com\/gamine\/wp-content\/uploads\/2013\/01\/126.jpg?w=1168&amp;ssl=1 1168w, https:\/\/i0.wp.com\/swiffy-j.com\/gamine\/wp-content\/uploads\/2013\/01\/126.jpg?w=1752&amp;ssl=1 1752w\" sizes=\"auto, (max-width: 300px) 100vw, 300px\" \/><\/a><p id=\"caption-attachment-1122\" class=\"wp-caption-text\">la chambre \u00e0 coucher des ma\u00eetres est tr\u00e8s spacieuse<\/p><\/div>\n<div id=\"attachment_674\" style=\"width: 310px\" class=\"wp-caption alignleft\"><a href=\"http:\/\/swiffy-j.com\/gamine\/maison\/deuxieme-etage\/chambres-a-coucher\/20130119_105518\/\" rel=\"attachment wp-att-674\"><img data-recalc-dims=\"1\" decoding=\"async\" aria-describedby=\"caption-attachment-674\" loading=\"lazy\" class=\"  wp-image-674 size-medium\" src=\"https:\/\/i0.wp.com\/swiffy-j.com\/gamine\/wp-content\/uploads\/2013\/01\/20130119_105518.jpg?resize=300%2C225&#038;ssl=1\" alt=\"20130119_105518\" width=\"300\" height=\"225\" srcset=\"https:\/\/i0.wp.com\/swiffy-j.com\/gamine\/wp-content\/uploads\/2013\/01\/20130119_105518.jpg?resize=300%2C225&amp;ssl=1 300w, https:\/\/i0.wp.com\/swiffy-j.com\/gamine\/wp-content\/uploads\/2013\/01\/20130119_105518.jpg?resize=1024%2C768&amp;ssl=1 1024w, https:\/\/i0.wp.com\/swiffy-j.com\/gamine\/wp-content\/uploads\/2013\/01\/20130119_105518.jpg?w=2048&amp;ssl=1 2048w, https:\/\/i0.wp.com\/swiffy-j.com\/gamine\/wp-content\/uploads\/2013\/01\/20130119_105518.jpg?w=1168&amp;ssl=1 1168w, https:\/\/i0.wp.com\/swiffy-j.com\/gamine\/wp-content\/uploads\/2013\/01\/20130119_105518.jpg?w=1752&amp;ssl=1 1752w\" sizes=\"auto, (max-width: 300px) 100vw, 300px\" \/><\/a><p id=\"caption-attachment-674\" class=\"wp-caption-text\">De la chambre \u00e0 coucher des ma\u00eetres, nous arrivons sur le balcon du deuxi\u00e8me \u00e9tage avec vue splendide sur la propri\u00e9t\u00e9. Collez et copiez le lien suivant suivant&#8212;&#8212;&#8212;&#8212;&#8212;&#8212;&#8212;&#8212;&#8212;&#8212;&#8212;&#8212;-http:\/\/www.youtube.com\/watch?v=FVjoChe-Esw<\/p><\/div>\n<div id=\"attachment_978\" style=\"width: 310px\" class=\"wp-caption alignleft\"><a href=\"http:\/\/swiffy-j.com\/gamine\/about-the-swiss-house-for-sale-in-saint-paul-dabbotsford\/winter\/052-2\/\" rel=\"attachment wp-att-678\"><img data-recalc-dims=\"1\" decoding=\"async\" aria-describedby=\"caption-attachment-978\" loading=\"lazy\" class=\"wp-image-978 size-medium\" src=\"https:\/\/i0.wp.com\/swiffy-j.com\/gamine\/wp-content\/uploads\/2012\/12\/0521-300x225.jpg?resize=300%2C225\" alt=\"\" width=\"300\" height=\"225\" srcset=\"https:\/\/i0.wp.com\/swiffy-j.com\/gamine\/wp-content\/uploads\/2012\/12\/0521.jpg?resize=300%2C225&amp;ssl=1 300w, https:\/\/i0.wp.com\/swiffy-j.com\/gamine\/wp-content\/uploads\/2012\/12\/0521.jpg?resize=1024%2C768&amp;ssl=1 1024w, https:\/\/i0.wp.com\/swiffy-j.com\/gamine\/wp-content\/uploads\/2012\/12\/0521.jpg?w=1168&amp;ssl=1 1168w, https:\/\/i0.wp.com\/swiffy-j.com\/gamine\/wp-content\/uploads\/2012\/12\/0521.jpg?w=1752&amp;ssl=1 1752w\" sizes=\"auto, (max-width: 300px) 100vw, 300px\" \/><\/a><p id=\"caption-attachment-978\" class=\"wp-caption-text\">Petit coin de lecture dans la chambre des maitres<\/p><\/div>\n<div id=\"attachment_1123\" style=\"width: 310px\" class=\"wp-caption alignleft\"><a href=\"http:\/\/swiffy-j.com\/gamine\/house\/second-floor-of-the-house\/bedrooms\/attachment\/129\/\" rel=\"attachment wp-att-677\"><img data-recalc-dims=\"1\" decoding=\"async\" aria-describedby=\"caption-attachment-1123\" loading=\"lazy\" class=\"wp-image-1123 size-medium\" src=\"https:\/\/i0.wp.com\/swiffy-j.com\/gamine\/wp-content\/uploads\/2013\/01\/129-300x225.jpg?resize=300%2C225\" alt=\"\" width=\"300\" height=\"225\" srcset=\"https:\/\/i0.wp.com\/swiffy-j.com\/gamine\/wp-content\/uploads\/2013\/01\/129.jpg?resize=300%2C225&amp;ssl=1 300w, https:\/\/i0.wp.com\/swiffy-j.com\/gamine\/wp-content\/uploads\/2013\/01\/129.jpg?resize=1024%2C768&amp;ssl=1 1024w, https:\/\/i0.wp.com\/swiffy-j.com\/gamine\/wp-content\/uploads\/2013\/01\/129.jpg?w=1168&amp;ssl=1 1168w, https:\/\/i0.wp.com\/swiffy-j.com\/gamine\/wp-content\/uploads\/2013\/01\/129.jpg?w=1752&amp;ssl=1 1752w\" sizes=\"auto, (max-width: 300px) 100vw, 300px\" \/><\/a><p id=\"caption-attachment-1123\" class=\"wp-caption-text\">Vers la porte de sortie pour descendre au salon<\/p><\/div>\n<div id=\"attachment_670\" style=\"width: 310px\" class=\"wp-caption alignleft\"><a href=\"http:\/\/swiffy-j.com\/gamine\/maison\/deuxieme-etage\/chambres-a-coucher\/20130119_105359\/\" rel=\"attachment wp-att-670\"><img data-recalc-dims=\"1\" decoding=\"async\" aria-describedby=\"caption-attachment-670\" loading=\"lazy\" class=\"wp-image-670 size-medium\" src=\"https:\/\/i0.wp.com\/swiffy-j.com\/gamine\/wp-content\/uploads\/2013\/01\/20130119_105359-300x225.jpg?resize=300%2C225\" alt=\"20130119_105359\" width=\"300\" height=\"225\" srcset=\"https:\/\/i0.wp.com\/swiffy-j.com\/gamine\/wp-content\/uploads\/2013\/01\/20130119_105359.jpg?resize=300%2C225&amp;ssl=1 300w, https:\/\/i0.wp.com\/swiffy-j.com\/gamine\/wp-content\/uploads\/2013\/01\/20130119_105359.jpg?resize=1024%2C768&amp;ssl=1 1024w, https:\/\/i0.wp.com\/swiffy-j.com\/gamine\/wp-content\/uploads\/2013\/01\/20130119_105359.jpg?w=2048&amp;ssl=1 2048w, https:\/\/i0.wp.com\/swiffy-j.com\/gamine\/wp-content\/uploads\/2013\/01\/20130119_105359.jpg?w=1168&amp;ssl=1 1168w, https:\/\/i0.wp.com\/swiffy-j.com\/gamine\/wp-content\/uploads\/2013\/01\/20130119_105359.jpg?w=1752&amp;ssl=1 1752w\" sizes=\"auto, (max-width: 300px) 100vw, 300px\" \/><\/a><p id=\"caption-attachment-670\" class=\"wp-caption-text\">La chambre des ma\u00eetres est tr\u00e8s \u00e9clair\u00e9e.<\/p><\/div>\n<div id=\"attachment_1341\" style=\"width: 310px\" class=\"wp-caption alignnone\"><a href=\"https:\/\/swiffy-j.com\/gamine\/house\/second-floor-of-the-house\/bedrooms\/20241226_094512\/\"><img data-recalc-dims=\"1\" decoding=\"async\" aria-describedby=\"caption-attachment-1341\" loading=\"lazy\" class=\"wp-image-1341 size-medium\" src=\"https:\/\/i0.wp.com\/swiffy-j.com\/gamine\/wp-content\/uploads\/2025\/01\/20241226_094512.jpg?resize=300%2C225&#038;ssl=1\" alt=\"\" width=\"300\" height=\"225\" srcset=\"https:\/\/i0.wp.com\/swiffy-j.com\/gamine\/wp-content\/uploads\/2025\/01\/20241226_094512-scaled.jpg?resize=300%2C225&amp;ssl=1 300w, https:\/\/i0.wp.com\/swiffy-j.com\/gamine\/wp-content\/uploads\/2025\/01\/20241226_094512-scaled.jpg?resize=1024%2C768&amp;ssl=1 1024w, https:\/\/i0.wp.com\/swiffy-j.com\/gamine\/wp-content\/uploads\/2025\/01\/20241226_094512-scaled.jpg?resize=768%2C576&amp;ssl=1 768w, https:\/\/i0.wp.com\/swiffy-j.com\/gamine\/wp-content\/uploads\/2025\/01\/20241226_094512-scaled.jpg?resize=1536%2C1152&amp;ssl=1 1536w, https:\/\/i0.wp.com\/swiffy-j.com\/gamine\/wp-content\/uploads\/2025\/01\/20241226_094512-scaled.jpg?resize=2048%2C1536&amp;ssl=1 2048w, https:\/\/i0.wp.com\/swiffy-j.com\/gamine\/wp-content\/uploads\/2025\/01\/20241226_094512-scaled.jpg?resize=400%2C300&amp;ssl=1 400w, https:\/\/i0.wp.com\/swiffy-j.com\/gamine\/wp-content\/uploads\/2025\/01\/20241226_094512-scaled.jpg?w=1168&amp;ssl=1 1168w, https:\/\/i0.wp.com\/swiffy-j.com\/gamine\/wp-content\/uploads\/2025\/01\/20241226_094512-scaled.jpg?w=1752&amp;ssl=1 1752w\" sizes=\"auto, (max-width: 300px) 100vw, 300px\" \/><\/a><p id=\"caption-attachment-1341\" class=\"wp-caption-text\">Chambre \u00e0 coucher qui donne vue sur le Mt Yamaska<\/p><\/div>\n","protected":false},"excerpt":{"rendered":"","protected":false},"author":1,"featured_media":0,"parent":663,"menu_order":0,"comment_status":"closed","ping_status":"closed","template":"onecolumn-page.php","meta":{"nf_dc_page":"","footnotes":""},"class_list":["post-668","page","type-page","status-publish","hentry"],"jetpack_shortlink":"https:\/\/wp.me\/P30o6n-aM","jetpack_sharing_enabled":true,"_links":{"self":[{"href":"https:\/\/swiffy-j.com\/gamine\/wp-json\/wp\/v2\/pages\/668","targetHints":{"allow":["GET"]}}],"collection":[{"href":"https:\/\/swiffy-j.com\/gamine\/wp-json\/wp\/v2\/pages"}],"about":[{"href":"https:\/\/swiffy-j.com\/gamine\/wp-json\/wp\/v2\/types\/page"}],"author":[{"embeddable":true,"href":"https:\/\/swiffy-j.com\/gamine\/wp-json\/wp\/v2\/users\/1"}],"replies":[{"embeddable":true,"href":"https:\/\/swiffy-j.com\/gamine\/wp-json\/wp\/v2\/comments?post=668"}],"version-history":[{"count":21,"href":"https:\/\/swiffy-j.com\/gamine\/wp-json\/wp\/v2\/pages\/668\/revisions"}],"predecessor-version":[{"id":1374,"href":"https:\/\/swiffy-j.com\/gamine\/wp-json\/wp\/v2\/pages\/668\/revisions\/1374"}],"up":[{"embeddable":true,"href":"https:\/\/swiffy-j.com\/gamine\/wp-json\/wp\/v2\/pages\/663"}],"wp:attachment":[{"href":"https:\/\/swiffy-j.com\/gamine\/wp-json\/wp\/v2\/media?parent=668"}],"curies":[{"name":"wp","href":"https:\/\/api.w.org\/{rel}","templated":true}]}}